{"id":16650,"date":"2020-02-24T22:15:15","date_gmt":"2020-02-24T22:15:15","guid":{"rendered":"https:\/\/demo01.houzez.co\/?page_id=16650"},"modified":"2025-10-02T10:55:11","modified_gmt":"2025-10-02T10:55:11","slug":"sobre_nosotros","status":"publish","type":"page","link":"https:\/\/castillorealestate.es\/?page_id=16650","title":{"rendered":"Sobre nosotros"},"content":{"rendered":"\t\t<div data-elementor-type=\"wp-page\" data-elementor-id=\"16650\" class=\"elementor elementor-16650\">\n\t\t\t\t\t\t<section class=\"elementor-section elementor-top-section elementor-element elementor-element-5b81e21 elementor-section-height-min-height animated-slow elementor-section-boxed elementor-section-height-default elementor-section-items-middle elementor-invisible\" data-id=\"5b81e21\" data-element_type=\"section\" data-e-type=\"section\" data-settings=\"{&quot;background_background&quot;:&quot;classic&quot;,&quot;animation&quot;:&quot;fadeIn&quot;}\">\n\t\t\t\t\t\t\t<div class=\"elementor-background-overlay\"><\/div>\n\t\t\t\t\t\t\t<div class=\"elementor-container elementor-column-gap-default\">\n\t\t\t\t\t<div class=\"elementor-column elementor-col-100 elementor-top-column elementor-element elementor-element-ad367f8\" data-id=\"ad367f8\" data-element_type=\"column\" data-e-type=\"column\">\n\t\t\t<div class=\"elementor-widget-wrap elementor-element-populated\">\n\t\t\t\t\t\t<div class=\"elementor-element elementor-element-0e7939f elementor-widget elementor-widget-heading\" data-id=\"0e7939f\" data-element_type=\"widget\" data-e-type=\"widget\" data-widget_type=\"heading.default\">\n\t\t\t\t\t<h1 class=\"elementor-heading-title elementor-size-default\">Con\u00f3cenos<\/h1>\t\t\t\t<\/div>\n\t\t\t\t\t<\/div>\n\t\t<\/div>\n\t\t\t\t\t<\/div>\n\t\t<\/section>\n\t\t\t\t<section class=\"elementor-section elementor-top-section elementor-element elementor-element-09038dc elementor-section-boxed elementor-section-height-default elementor-section-height-default\" data-id=\"09038dc\" data-element_type=\"section\" data-e-type=\"section\" data-settings=\"{&quot;background_background&quot;:&quot;classic&quot;}\">\n\t\t\t\t\t\t<div class=\"elementor-container elementor-column-gap-default\">\n\t\t\t\t\t<div class=\"elementor-column elementor-col-100 elementor-top-column elementor-element elementor-element-c8278ac\" data-id=\"c8278ac\" data-element_type=\"column\" data-e-type=\"column\">\n\t\t\t<div class=\"elementor-widget-wrap elementor-element-populated\">\n\t\t\t\t\t\t<div class=\"elementor-element elementor-element-3271868 elementor-widget elementor-widget-spacer\" data-id=\"3271868\" data-element_type=\"widget\" data-e-type=\"widget\" data-widget_type=\"spacer.default\">\n\t\t\t\t\t\t\t<div class=\"elementor-spacer\">\n\t\t\t<div class=\"elementor-spacer-inner\"><\/div>\n\t\t<\/div>\n\t\t\t\t\t\t<\/div>\n\t\t\t\t<div class=\"elementor-element elementor-element-e7372b6 animated-slow elementor-invisible elementor-widget elementor-widget-houzez_elementor_section_title\" data-id=\"e7372b6\" data-element_type=\"widget\" data-e-type=\"widget\" data-settings=\"{&quot;_animation&quot;:&quot;fadeIn&quot;}\" data-widget_type=\"houzez_elementor_section_title.default\">\n\t\t\t\t<div class=\"elementor-widget-container\">\n\t\t\t\t\t            <div class=\"houzez_section_title_wrap section-title-module\">\n                                    <h2 class=\"houzez_section_title\">Somos Castillo Real Estate\n<\/h2>\n                \n                            <\/div>\n            \t\t\t\t<\/div>\n\t\t\t\t<\/div>\n\t\t\t\t<div class=\"elementor-element elementor-element-69fe9b8 elementor-widget elementor-widget-text-editor\" data-id=\"69fe9b8\" data-element_type=\"widget\" data-e-type=\"widget\" data-widget_type=\"text-editor.default\">\n\t\t\t\t\t\t\t\t\t<p><span style=\"font-weight: 400;\">Desde 1976, nuestra agencia inmobiliaria ha sido un referente en el mercado, ofreciendo confianza, experiencia y un servicio personalizado a cada uno de nuestros clientes. Con m\u00e1s de cuatro d\u00e9cadas en el sector, contamos con un profundo conocimiento del mercado local y una amplia cartera de propiedades que se adaptan a diferentes necesidades y presupuestos. Nuestro compromiso es acompa\u00f1ar a nuestros clientes en cada paso del proceso, ya sea comprando, vendiendo o alquilando una vivienda. Nos enorgullece brindar asesoramiento honesto y profesional, garantizando transacciones seguras y satisfactorias. La confianza y la satisfacci\u00f3n de nuestros clientes son nuestro mayor logro y motivaci\u00f3n para seguir creciendo y mejorando cada d\u00eda. Si buscas una agencia con historia, experiencia y un trato cercano, somos tu mejor opci\u00f3n. \u00a1Perm\u00edtenos ayudarte a encontrar la propiedad perfecta o a vender la tuya con la confianza que solo una trayectoria de m\u00e1s de 40 a\u00f1os puede ofrecer!<\/span><\/p>\t\t\t\t\t\t\t\t<\/div>\n\t\t\t\t<div class=\"elementor-element elementor-element-89a95a6 elementor-widget elementor-widget-spacer\" data-id=\"89a95a6\" data-element_type=\"widget\" data-e-type=\"widget\" data-widget_type=\"spacer.default\">\n\t\t\t\t\t\t\t<div class=\"elementor-spacer\">\n\t\t\t<div class=\"elementor-spacer-inner\"><\/div>\n\t\t<\/div>\n\t\t\t\t\t\t<\/div>\n\t\t\t\t\t<\/div>\n\t\t<\/div>\n\t\t\t\t\t<\/div>\n\t\t<\/section>\n\t\t\t\t<section class=\"elementor-section elementor-top-section elementor-element elementor-element-7de1bca elementor-section-boxed elementor-section-height-default elementor-section-height-default\" data-id=\"7de1bca\" data-element_type=\"section\" data-e-type=\"section\">\n\t\t\t\t\t\t<div class=\"elementor-container elementor-column-gap-default\">\n\t\t\t\t\t<div class=\"elementor-column elementor-col-100 elementor-top-column elementor-element elementor-element-b896568\" data-id=\"b896568\" data-element_type=\"column\" data-e-type=\"column\">\n\t\t\t<div class=\"elementor-widget-wrap elementor-element-populated\">\n\t\t\t\t\t\t<div class=\"elementor-element elementor-element-d1842fc elementor-widget elementor-widget-spacer\" data-id=\"d1842fc\" data-element_type=\"widget\" data-e-type=\"widget\" data-widget_type=\"spacer.default\">\n\t\t\t\t\t\t\t<div class=\"elementor-spacer\">\n\t\t\t<div class=\"elementor-spacer-inner\"><\/div>\n\t\t<\/div>\n\t\t\t\t\t\t<\/div>\n\t\t\t\t<div class=\"elementor-element elementor-element-eef64fb animated-slow elementor-invisible elementor-widget elementor-widget-houzez_elementor_section_title\" data-id=\"eef64fb\" data-element_type=\"widget\" data-e-type=\"widget\" data-settings=\"{&quot;_animation&quot;:&quot;fadeIn&quot;}\" data-widget_type=\"houzez_elementor_section_title.default\">\n\t\t\t\t<div class=\"elementor-widget-container\">\n\t\t\t\t\t            <div class=\"houzez_section_title_wrap section-title-module\">\n                                    <h2 class=\"houzez_section_title\">Ciudades en las que trabajamos<\/h2>\n                \n                            <\/div>\n            \t\t\t\t<\/div>\n\t\t\t\t<\/div>\n\t\t\t\t<div class=\"elementor-element elementor-element-e0e7819 elementor-widget elementor-widget-houzez_elementor_grids\" data-id=\"e0e7819\" data-element_type=\"widget\" data-e-type=\"widget\" data-widget_type=\"houzez_elementor_grids.default\">\n\t\t\t\t<div class=\"elementor-widget-container\">\n\t\t\t\t\t\t\t<div class=\"taxonomy-grids-module taxonomy-grids-module-v1\">\r\n    \t\t<div class=\"taxonomy-grids-module-grid\">\r\n\t\t\t\t\t\t\t\t\t\t<div class=\"taxonomy-item-square\">\r\n\t\t\t\t\t\t\t<div class=\"taxonomy-item-wrap h-100\">\t\r\n\t\t\t\t\t\t\t\t<div class=\"taxonomy-item \" style=\"background-image: url(https:\/\/castillorealestate.es\/wp-content\/uploads\/2025\/08\/Estepona.webp);\">\r\n\t\t\t\t\t\t\t\t\t<a class=\"taxonomy-link hover-effect-flat\" href=\"https:\/\/castillorealestate.es\/?property_city=estepona\">\r\n\t\t\t\t\t\t\t\t\t\t<div class=\"taxonomy-text-wrap d-flex flex-column justify-content-end align-items-start h-100 w-100\">\r\n\t\t\t\t\t\t\t\t\t\t\t<div class=\"taxonomy-title\">Estepona<\/div>\r\n\t\t\t\t\t\t\t\t\t\t\t\t\t\t\t\t\t\t\t\t\t\t\t<div class=\"taxonomy-subtitle\">\r\n\t\t\t\t\t\t\t\t\t\t\t\t\t1\t\t\t\t\t\t\t\t\t\t\t\t\tPropiedad\t\t\t\t\t\t\t\t\t\t\t\t<\/div>\r\n\t\t\t\t\t\t\t\t\t\t\t\t\t\t\t\t\t\t\t\t\t<\/div><!-- taxonomy-text-wrap -->\r\n\t\t\t\t\t\t\t\t\t<\/a>\r\n\t\t\t\t\t\t\t\t<\/div>\r\n\t\t\t\t\t\t\t<\/div>\r\n\t\t\t\t\t\t<\/div>\r\n\t\t\t\t\t\t\t\t\t\t\t\t<div class=\"taxonomy-item-rectangle\">\r\n\t\t\t\t\t\t\t<div class=\"taxonomy-item-wrap h-100\">\t\r\n\t\t\t\t\t\t\t\t<div class=\"taxonomy-item \" style=\"background-image: url(https:\/\/castillorealestate.es\/wp-content\/uploads\/2025\/08\/malaga.webp);\">\r\n\t\t\t\t\t\t\t\t\t<a class=\"taxonomy-link hover-effect-flat\" href=\"https:\/\/castillorealestate.es\/?property_city=malaga\">\r\n\t\t\t\t\t\t\t\t\t\t<div class=\"taxonomy-text-wrap d-flex flex-column justify-content-end align-items-start h-100 w-100\">\r\n\t\t\t\t\t\t\t\t\t\t\t<div class=\"taxonomy-title\">M\u00e1laga<\/div>\r\n\t\t\t\t\t\t\t\t\t\t\t\t\t\t\t\t\t\t\t\t\t\t\t<div class=\"taxonomy-subtitle\">\r\n\t\t\t\t\t\t\t\t\t\t\t\t\t1\t\t\t\t\t\t\t\t\t\t\t\t\tPropiedad\t\t\t\t\t\t\t\t\t\t\t\t<\/div>\r\n\t\t\t\t\t\t\t\t\t\t\t\t\t\t\t\t\t\t\t\t\t<\/div><!-- taxonomy-text-wrap -->\r\n\t\t\t\t\t\t\t\t\t<\/a>\r\n\t\t\t\t\t\t\t\t<\/div>\r\n\t\t\t\t\t\t\t<\/div>\r\n\t\t\t\t\t\t<\/div>\r\n\t\t\t\t\t\t\t\t\t\t\t\t<div class=\"taxonomy-item-rectangle\">\r\n\t\t\t\t\t\t\t<div class=\"taxonomy-item-wrap h-100\">\t\r\n\t\t\t\t\t\t\t\t<div class=\"taxonomy-item \" style=\"background-image: url(https:\/\/castillorealestate.es\/wp-content\/uploads\/2025\/08\/marbella.jpeg);\">\r\n\t\t\t\t\t\t\t\t\t<a class=\"taxonomy-link hover-effect-flat\" href=\"https:\/\/castillorealestate.es\/?property_city=marbella\">\r\n\t\t\t\t\t\t\t\t\t\t<div class=\"taxonomy-text-wrap d-flex flex-column justify-content-end align-items-start h-100 w-100\">\r\n\t\t\t\t\t\t\t\t\t\t\t<div class=\"taxonomy-title\">Marbella<\/div>\r\n\t\t\t\t\t\t\t\t\t\t\t\t\t\t\t\t\t\t\t\t\t\t\t<div class=\"taxonomy-subtitle\">\r\n\t\t\t\t\t\t\t\t\t\t\t\t\t2\t\t\t\t\t\t\t\t\t\t\t\t\tPropiedades\t\t\t\t\t\t\t\t\t\t\t\t<\/div>\r\n\t\t\t\t\t\t\t\t\t\t\t\t\t\t\t\t\t\t\t\t\t<\/div><!-- taxonomy-text-wrap -->\r\n\t\t\t\t\t\t\t\t\t<\/a>\r\n\t\t\t\t\t\t\t\t<\/div>\r\n\t\t\t\t\t\t\t<\/div>\r\n\t\t\t\t\t\t<\/div>\r\n\t\t\t\t\t\t\t\t\t\t\t\t<div class=\"taxonomy-item-square\">\r\n\t\t\t\t\t\t\t<div class=\"taxonomy-item-wrap h-100\">\t\r\n\t\t\t\t\t\t\t\t<div class=\"taxonomy-item \" style=\"background-image: url(https:\/\/castillorealestate.es\/wp-content\/uploads\/2025\/08\/marbella-east.webp);\">\r\n\t\t\t\t\t\t\t\t\t<a class=\"taxonomy-link hover-effect-flat\" href=\"https:\/\/castillorealestate.es\/?property_city=marbella-este\">\r\n\t\t\t\t\t\t\t\t\t\t<div class=\"taxonomy-text-wrap d-flex flex-column justify-content-end align-items-start h-100 w-100\">\r\n\t\t\t\t\t\t\t\t\t\t\t<div class=\"taxonomy-title\">Marbella Este<\/div>\r\n\t\t\t\t\t\t\t\t\t\t\t\t\t\t\t\t\t\t\t\t\t\t\t<div class=\"taxonomy-subtitle\">\r\n\t\t\t\t\t\t\t\t\t\t\t\t\t1\t\t\t\t\t\t\t\t\t\t\t\t\tPropiedad\t\t\t\t\t\t\t\t\t\t\t\t<\/div>\r\n\t\t\t\t\t\t\t\t\t\t\t\t\t\t\t\t\t\t\t\t\t<\/div><!-- taxonomy-text-wrap -->\r\n\t\t\t\t\t\t\t\t\t<\/a>\r\n\t\t\t\t\t\t\t\t<\/div>\r\n\t\t\t\t\t\t\t<\/div>\r\n\t\t\t\t\t\t<\/div>\r\n\t\t\t\t\t\t\t\t\t\t\t\t<div class=\"taxonomy-item-square\">\r\n\t\t\t\t\t\t\t<div class=\"taxonomy-item-wrap h-100\">\t\r\n\t\t\t\t\t\t\t\t<div class=\"taxonomy-item \" style=\"background-image: url(https:\/\/castillorealestate.es\/wp-content\/uploads\/2025\/08\/mijas1.png);\">\r\n\t\t\t\t\t\t\t\t\t<a class=\"taxonomy-link hover-effect-flat\" href=\"https:\/\/castillorealestate.es\/?property_city=mijas-costa\">\r\n\t\t\t\t\t\t\t\t\t\t<div class=\"taxonomy-text-wrap d-flex flex-column justify-content-end align-items-start h-100 w-100\">\r\n\t\t\t\t\t\t\t\t\t\t\t<div class=\"taxonomy-title\">Mijas Costa<\/div>\r\n\t\t\t\t\t\t\t\t\t\t\t\t\t\t\t\t\t\t\t\t\t\t\t<div class=\"taxonomy-subtitle\">\r\n\t\t\t\t\t\t\t\t\t\t\t\t\t2\t\t\t\t\t\t\t\t\t\t\t\t\tPropiedades\t\t\t\t\t\t\t\t\t\t\t\t<\/div>\r\n\t\t\t\t\t\t\t\t\t\t\t\t\t\t\t\t\t\t\t\t\t<\/div><!-- taxonomy-text-wrap -->\r\n\t\t\t\t\t\t\t\t\t<\/a>\r\n\t\t\t\t\t\t\t\t<\/div>\r\n\t\t\t\t\t\t\t<\/div>\r\n\t\t\t\t\t\t<\/div>\r\n\t\t\t\t\t\t\t\t\t<\/div>\r\n\t\t<\/div>\r\n\t\t\t\t\t\t<\/div>\n\t\t\t\t<\/div>\n\t\t\t\t<div class=\"elementor-element elementor-element-b59559d elementor-widget elementor-widget-spacer\" data-id=\"b59559d\" data-element_type=\"widget\" data-e-type=\"widget\" data-widget_type=\"spacer.default\">\n\t\t\t\t\t\t\t<div class=\"elementor-spacer\">\n\t\t\t<div class=\"elementor-spacer-inner\"><\/div>\n\t\t<\/div>\n\t\t\t\t\t\t<\/div>\n\t\t\t\t\t<\/div>\n\t\t<\/div>\n\t\t\t\t\t<\/div>\n\t\t<\/section>\n\t\t<div class=\"elementor-element elementor-element-754e243 e-flex e-con-boxed e-con e-parent\" data-id=\"754e243\" data-element_type=\"container\" data-e-type=\"container\" data-settings=\"{&quot;background_background&quot;:&quot;classic&quot;}\">\n\t\t\t\t\t<div class=\"e-con-inner\">\n\t\t\t\t<div class=\"elementor-element elementor-element-4e3dcbb elementor-align-center elementor-widget elementor-widget-button\" data-id=\"4e3dcbb\" data-element_type=\"widget\" data-e-type=\"widget\" data-widget_type=\"button.default\">\n\t\t\t\t\t\t\t\t\t\t<a class=\"elementor-button elementor-button-link elementor-size-sm\" href=\"https:\/\/castillorealestate.es\/contacto\/\">\n\t\t\t\t\t\t<span class=\"elementor-button-content-wrapper\">\n\t\t\t\t\t\t\t\t\t<span class=\"elementor-button-text\">Contacta con nosotros<\/span>\n\t\t\t\t\t<\/span>\n\t\t\t\t\t<\/a>\n\t\t\t\t\t\t\t\t<\/div>\n\t\t\t\t\t<\/div>\n\t\t\t\t<\/div>\n\t\t\t\t<\/div>\n\t\t","protected":false},"excerpt":{"rendered":"<p>Con\u00f3cenos Somos Castillo Real Estate Desde 1976, nuestra agencia inmobiliaria ha sido un referente en el mercado, ofreciendo confianza, experiencia y un servicio personalizado a cada uno de nuestros clientes. Con m\u00e1s de cuatro d\u00e9cadas en el sector, contamos con un profundo conocimiento del mercado local y una amplia cartera de propiedades que se adaptan [&hellip;]<\/p>\n","protected":false},"author":1,"featured_media":0,"parent":0,"menu_order":0,"comment_status":"closed","ping_status":"closed","template":"template\/template-homepage.php","meta":{"footnotes":""},"class_list":["post-16650","page","type-page","status-publish","hentry"],"_links":{"self":[{"href":"https:\/\/castillorealestate.es\/index.php?rest_route=\/wp\/v2\/pages\/16650","targetHints":{"allow":["GET"]}}],"collection":[{"href":"https:\/\/castillorealestate.es\/index.php?rest_route=\/wp\/v2\/pages"}],"about":[{"href":"https:\/\/castillorealestate.es\/index.php?rest_route=\/wp\/v2\/types\/page"}],"author":[{"embeddable":true,"href":"https:\/\/castillorealestate.es\/index.php?rest_route=\/wp\/v2\/users\/1"}],"replies":[{"embeddable":true,"href":"https:\/\/castillorealestate.es\/index.php?rest_route=%2Fwp%2Fv2%2Fcomments&post=16650"}],"version-history":[{"count":53,"href":"https:\/\/castillorealestate.es\/index.php?rest_route=\/wp\/v2\/pages\/16650\/revisions"}],"predecessor-version":[{"id":18785,"href":"https:\/\/castillorealestate.es\/index.php?rest_route=\/wp\/v2\/pages\/16650\/revisions\/18785"}],"wp:attachment":[{"href":"https:\/\/castillorealestate.es\/index.php?rest_route=%2Fwp%2Fv2%2Fmedia&parent=16650"}],"curies":[{"name":"wp","href":"https:\/\/api.w.org\/{rel}","templated":true}]}}