{"id":18080,"date":"2025-07-25T08:01:01","date_gmt":"2025-07-25T08:01:01","guid":{"rendered":"https:\/\/castillorealestate.es\/?page_id=18080"},"modified":"2025-10-03T07:32:22","modified_gmt":"2025-10-03T07:32:22","slug":"declaracion-de-accesibilidad","status":"publish","type":"page","link":"https:\/\/castillorealestate.es\/?page_id=18080","title":{"rendered":"Declaraci\u00f3n de accesibilidad"},"content":{"rendered":"\t\t<div data-elementor-type=\"wp-page\" data-elementor-id=\"18080\" class=\"elementor elementor-18080\">\n\t\t\t\t<div class=\"elementor-element elementor-element-c706e1a e-flex e-con-boxed e-con e-parent\" data-id=\"c706e1a\" data-element_type=\"container\" data-e-type=\"container\">\n\t\t\t\t\t<div class=\"e-con-inner\">\n\t\t\t\t<div class=\"elementor-element elementor-element-a3277ea elementor-widget elementor-widget-houzez-property-breadcrumb\" data-id=\"a3277ea\" data-element_type=\"widget\" data-e-type=\"widget\" data-widget_type=\"houzez-property-breadcrumb.default\">\n\t\t\t\t<div class=\"elementor-widget-container\">\n\t\t\t\t\t<div class=\"breadcrumb-wrap\"><ol class=\"breadcrumb\"><li class=\"breadcrumb-item breadcrumb-item-home\"><i class=\"houzez-icon icon-house\"><\/i><a href=\"https:\/\/castillorealestate.es\/\">Casa<\/a><\/li><li class=\"breadcrumb-item active\">P\u00e1ginas<\/li><\/ol><\/div>\t\t\t\t<\/div>\n\t\t\t\t<\/div>\n\t\t\t\t\t<\/div>\n\t\t\t\t<\/div>\n\t\t<div class=\"elementor-element elementor-element-0f52393 e-flex e-con-boxed e-con e-parent\" data-id=\"0f52393\" data-element_type=\"container\" data-e-type=\"container\">\n\t\t\t\t\t<div class=\"e-con-inner\">\n\t\t\t\t<div class=\"elementor-element elementor-element-10b9185 elementor-widget elementor-widget-heading\" data-id=\"10b9185\" data-element_type=\"widget\" data-e-type=\"widget\" data-widget_type=\"heading.default\">\n\t\t\t\t\t<h2 class=\"elementor-heading-title elementor-size-default\">Declaraci\u00f3n de accesibilidad<\/h2>\t\t\t\t<\/div>\n\t\t\t\t\t<\/div>\n\t\t\t\t<\/div>\n\t\t<div class=\"elementor-element elementor-element-ac524fb e-flex e-con-boxed e-con e-parent\" data-id=\"ac524fb\" data-element_type=\"container\" data-e-type=\"container\">\n\t\t\t\t\t<div class=\"e-con-inner\">\n\t\t\t\t<div class=\"elementor-element elementor-element-23abd5d elementor-widget elementor-widget-text-editor\" data-id=\"23abd5d\" data-element_type=\"widget\" data-e-type=\"widget\" data-widget_type=\"text-editor.default\">\n\t\t\t\t\t\t\t\t\t<p><b>https:\/\/castillorealstate.es\/<\/b><\/p><p><b>Situaci\u00f3n de cumplimiento<\/b><\/p><p><span style=\"font-weight: 400;\">Vacation Damar (en adelante, tambi\u00e9n Sitio Web) es parcialmente conforme con el Real Decreto 1112\/2018, de 7 de septiembre, debido a la falta de conformidad de los aspectos que se indican a continuaci\u00f3n.<\/span><\/p><p><b>Contenido no accesible<\/b><\/p><p><span style=\"font-weight: 400;\">El contenido que se recoge a continuaci\u00f3n no es accesible por los siguientes motivos:<\/span><\/p><ol><li><b> Falta de conformidad con el RD 1112\/2018:<\/b><span style=\"font-weight: 400;\"> No aplica. Cumple el 100% de los criterios de accesibilidad web.<\/span><\/li><li><b> Carga desproporcionada:<\/b><span style=\"font-weight: 400;\"> No aplica.<\/span><\/li><li><b> Contenido no entra dentro del \u00e1mbito de la legislaci\u00f3n aplicable:<\/b><\/li><\/ol><ul><li style=\"font-weight: 400;\" aria-level=\"1\"><span style=\"font-weight: 400;\">Pueden existir archivos de ofim\u00e1tica en PDF y otros formatos publicados antes del 20 de septiembre de 2018 que no cumplan en su totalidad todos los requisitos de accesibilidad. Aunque se ha procurado que la mayor\u00eda de ellos s\u00ed lo cumplan.<\/span><\/li><li style=\"font-weight: 400;\" aria-level=\"1\"><span style=\"font-weight: 400;\">Puede haber contenidos de terceros que no est\u00e9n desarrollados en esta Unidad ni bajo su control como im\u00e1genes, mapas interactivos, videos, documentos, reproductores, etc.<\/span><\/li><li style=\"font-weight: 400;\" aria-level=\"1\"><span style=\"font-weight: 400;\">Pueden existir archivos pregrabados publicados antes del 20 de septiembre de 2018 que no cumplan en su totalidad todos los requisitos de accesibilidad.<\/span><\/li><li style=\"font-weight: 400;\" aria-level=\"1\"><span style=\"font-weight: 400;\">Partes o la totalidad del sitio web puede estar creado con un CMS (WordPress, Shopify, PrestaShop, etc), por lo que debido a alguna actualizaci\u00f3n o cambio en los sistemas, puede que no todo el contenido generado o autogenerado cumpla con todas las normativas de accesibilidad.<\/span><\/li><\/ul><p><b>Preparaci\u00f3n de la presente declaraci\u00f3n de accesibilidad<\/b><\/p><p><span style=\"font-weight: 400;\">La presente declaraci\u00f3n fue preparada el d\u00eda 22\/07\/2025<\/span><\/p><p><span style=\"font-weight: 400;\">El m\u00e9todo empleado para preparar la declaraci\u00f3n ha sido una autoevaluaci\u00f3n llevada a cabo por la propia empresa.<\/span><\/p><p><span style=\"font-weight: 400;\">\u00daltima revisi\u00f3n de la declaraci\u00f3n: 22\/07\/2025<\/span><\/p><p><b>Observaciones y datos de contacto<\/b><\/p><p><span style=\"font-weight: 400;\">Puede realizar comunicaciones sobre requisitos de accesibilidad (art\u00edculo 10.2.a del Real Decreto 1112\/2018, de 7 de septiembre) como, por ejemplo:<\/span><\/p><ul><li style=\"font-weight: 400;\" aria-level=\"1\"><span style=\"font-weight: 400;\">Informar sobre cualquier posible incumplimiento por parte de este sitio web.<\/span><\/li><li style=\"font-weight: 400;\" aria-level=\"1\"><span style=\"font-weight: 400;\">Transmitir otras dificultades de acceso al contenido.<\/span><\/li><li style=\"font-weight: 400;\" aria-level=\"1\"><span style=\"font-weight: 400;\">Formular cualquier otra consulta o sugerencia de mejora relativa a la accesibilidad del sitio web.<\/span><\/li><\/ul><p><span style=\"font-weight: 400;\">A trav\u00e9s de las siguientes v\u00edas:<\/span><\/p><ul><li style=\"font-weight: 400;\" aria-level=\"1\"><span style=\"font-weight: 400;\">Correo electr\u00f3nico: vacationsmalaga@gmail.com<\/span><\/li><li style=\"font-weight: 400;\" aria-level=\"1\"><span style=\"font-weight: 400;\">Tel\u00e9fono: +34 627 50 42 39<\/span><\/li><\/ul><p><span style=\"font-weight: 400;\">Acorde al art\u00edculo 10.2.b del RD 1112\/2018, tambi\u00e9n puedes presentar:<\/span><\/p><ul><li style=\"font-weight: 400;\" aria-level=\"1\"><span style=\"font-weight: 400;\">Una queja relativa al cumplimiento de los requisitos del RD 1112\/2018.<\/span><\/li><li style=\"font-weight: 400;\" aria-level=\"1\"><span style=\"font-weight: 400;\">Una solicitud de informaci\u00f3n accesible relativa a:<\/span><\/li><\/ul><ul><li style=\"font-weight: 400;\" aria-level=\"2\"><span style=\"font-weight: 400;\">Contenidos que est\u00e1n excluidos del \u00e1mbito de aplicaci\u00f3n del RD 1112\/2018 seg\u00fan lo establecido por el art\u00edculo 3, apartado 4.<\/span><\/li><li style=\"font-weight: 400;\" aria-level=\"2\"><span style=\"font-weight: 400;\">Contenidos que est\u00e1n exentos del cumplimiento de los requisitos de accesibilidad por imponer una carga desproporcionada.<\/span><\/li><\/ul><p><span style=\"font-weight: 400;\">En la Solicitud de informaci\u00f3n accesible, se debe concretar, con toda claridad, los hechos, razones y petici\u00f3n que permitan constatar que se trata de una solicitud razonable y leg\u00edtima.<\/span><\/p><p><span style=\"font-weight: 400;\">Las comunicaciones ser\u00e1n recibidas y tratadas por la direcci\u00f3n de la empresa, como unidad responsable de los contenidos de este sitio web.<\/span><\/p><p><b>Contenido opcional<\/b><\/p><p><span style=\"font-weight: 400;\">La versi\u00f3n actualmente visible de este sitio web es del d\u00eda 22\/07\/2025 y en esa fecha se hizo la revisi\u00f3n del nivel de accesibilidad vigente en aquel momento.<\/span><\/p><p><span style=\"font-weight: 400;\">A partir de dicha fecha se llevan a cabo revisiones parciales diarias del contenido web nuevo o modificado, tanto de las plantillas como de las p\u00e1ginas y documentos finales publicados, a fin de asegurar el cumplimiento de los requerimientos de accesibilidad de la Norma UNE-EN 301549:2022, considerando las excepciones del Real Decreto 1112\/2018, de 7 de septiembre.<\/span><\/p><p><span style=\"font-weight: 400;\">Entre otras se adoptan las siguientes medidas para facilitar la accesibilidad:<\/span><\/p><ul><li style=\"font-weight: 400;\" aria-level=\"1\"><span style=\"font-weight: 400;\">Utilizaci\u00f3n de texto alternativo en las im\u00e1genes.<\/span><\/li><li style=\"font-weight: 400;\" aria-level=\"1\"><span style=\"font-weight: 400;\">Los enlaces ofrecen detalles de la funci\u00f3n o destino del hiperv\u00ednculo.<\/span><\/li><li style=\"font-weight: 400;\" aria-level=\"1\"><span style=\"font-weight: 400;\">Uso de los est\u00e1ndares del W3C: XHTML 1.0, CSS 3.0, WAI AA.<\/span><\/li><\/ul><p><b>Compatibilidad<\/b><\/p><p><span style=\"font-weight: 400;\">El sitio web:<\/span><\/p><ul><li style=\"font-weight: 400;\" aria-level=\"1\"><span style=\"font-weight: 400;\">se ha dise\u00f1ado adapt\u00e1ndose a los est\u00e1ndares y normativas vigentes en relaci\u00f3n a la accesibilidad, cumpliendo con los puntos de verificaci\u00f3n de prioridad 2 (AA) definidos en la especificaci\u00f3n de Pautas de Accesibilidad al Contenido en la Web (WCAG 2.1)<\/span><\/li><li style=\"font-weight: 400;\" aria-level=\"1\"><span style=\"font-weight: 400;\">est\u00e1 optimizado para las \u00faltimas versiones vigentes de Chrome, Edge, Firefox, Safari y Opera<\/span><\/li><li style=\"font-weight: 400;\" aria-level=\"1\"><span style=\"font-weight: 400;\">est\u00e1 dise\u00f1ado para su correcta visualizaci\u00f3n en cualquier resoluci\u00f3n y dispositivo de escritorio, tabletas o m\u00f3viles (dise\u00f1o responsive)<\/span><\/li><li style=\"font-weight: 400;\" aria-level=\"1\"><span style=\"font-weight: 400;\">se ha realizado utilizando HTML5 como lenguaje de marcado y hojas de estilo CSS 3 para su dise\u00f1o.<\/span><\/li><\/ul><p><span style=\"font-weight: 400;\">Adem\u00e1s, se realiza un trabajo continuo de auditor\u00eda y revisi\u00f3n de contenidos para facilitar su interpretaci\u00f3n y mejorar la navegaci\u00f3n por el portal web.<\/span><\/p>\t\t\t\t\t\t\t\t<\/div>\n\t\t\t\t\t<\/div>\n\t\t\t\t<\/div>\n\t\t\t\t<\/div>\n\t\t","protected":false},"excerpt":{"rendered":"<p>Declaraci\u00f3n de accesibilidad https:\/\/castillorealstate.es\/ Situaci\u00f3n de cumplimiento Vacation Damar (en adelante, tambi\u00e9n Sitio Web) es parcialmente conforme con el Real Decreto 1112\/2018, de 7 de septiembre, debido a la falta de conformidad de los aspectos que se indican a continuaci\u00f3n. Contenido no accesible El contenido que se recoge a continuaci\u00f3n no es accesible por los [&hellip;]<\/p>\n","protected":false},"author":1,"featured_media":0,"parent":0,"menu_order":0,"comment_status":"closed","ping_status":"closed","template":"elementor_header_footer","meta":{"footnotes":""},"class_list":["post-18080","page","type-page","status-publish","hentry"],"_links":{"self":[{"href":"https:\/\/castillorealestate.es\/index.php?rest_route=\/wp\/v2\/pages\/18080","targetHints":{"allow":["GET"]}}],"collection":[{"href":"https:\/\/castillorealestate.es\/index.php?rest_route=\/wp\/v2\/pages"}],"about":[{"href":"https:\/\/castillorealestate.es\/index.php?rest_route=\/wp\/v2\/types\/page"}],"author":[{"embeddable":true,"href":"https:\/\/castillorealestate.es\/index.php?rest_route=\/wp\/v2\/users\/1"}],"replies":[{"embeddable":true,"href":"https:\/\/castillorealestate.es\/index.php?rest_route=%2Fwp%2Fv2%2Fcomments&post=18080"}],"version-history":[{"count":13,"href":"https:\/\/castillorealestate.es\/index.php?rest_route=\/wp\/v2\/pages\/18080\/revisions"}],"predecessor-version":[{"id":18794,"href":"https:\/\/castillorealestate.es\/index.php?rest_route=\/wp\/v2\/pages\/18080\/revisions\/18794"}],"wp:attachment":[{"href":"https:\/\/castillorealestate.es\/index.php?rest_route=%2Fwp%2Fv2%2Fmedia&parent=18080"}],"curies":[{"name":"wp","href":"https:\/\/api.w.org\/{rel}","templated":true}]}}